{"id":11004,"date":"2021-10-13T19:52:59","date_gmt":"2021-10-13T19:52:59","guid":{"rendered":"https:\/\/kskonehuolto.fi\/fi\/?page_id=11004"},"modified":"2022-03-26T18:54:30","modified_gmt":"2022-03-26T18:54:30","slug":"erikoiskuljetukset","status":"publish","type":"page","link":"https:\/\/kskonehuolto.fi\/fi\/erikoiskuljetukset\/","title":{"rendered":"Erikoiskuljetukset"},"content":{"rendered":"\t\t<div data-elementor-type=\"wp-page\" data-elementor-id=\"11004\" class=\"elementor elementor-11004\">\n\t\t\t\t\t\t\t\t\t<section class=\"elementor-section elementor-top-section elementor-element elementor-element-8a76be1 elementor-section-full_width elementor-section-height-default elementor-section-height-default\" data-id=\"8a76be1\" data-element_type=\"section\">\n\t\t\t\t\t\t<div class=\"elementor-container elementor-column-gap-default\">\n\t\t\t\t\t<div class=\"elementor-column elementor-col-100 elementor-top-column elementor-element elementor-element-31027c92 top column-style-top\" data-id=\"31027c92\" data-element_type=\"column\">\n\t\t\t<div class=\"elementor-widget-wrap elementor-element-populated\">\n\t\t\t\t\t\t\t\t<div class=\"elementor-element elementor-element-76a9aa66 elementor-widget elementor-widget-slider_revolution\" data-id=\"76a9aa66\" data-element_type=\"widget\" data-widget_type=\"slider_revolution.default\">\n\t\t\t\t<div class=\"elementor-widget-container\">\n\t\t\t\r\n\t\t<div class=\"wp-block-themepunch-revslider\">\n\t\t\t<!-- START Slider erikoiskuljetus REVOLUTION SLIDER 6.4.6 --><p class=\"rs-p-wp-fix\"><\/p>\n\t\t\t<rs-module-wrap id=\"rev_slider_7_1_wrapper\" data-source=\"gallery\" style=\"background:transparent;padding:0;margin:0px auto;margin-top:0;margin-bottom:0;max-width:100%;\">\n\t\t\t\t<rs-module id=\"rev_slider_7_1\" style=\"\" data-version=\"6.4.6\">\n\t\t\t\t\t<rs-slides>\n\t\t\t\t\t\t<rs-slide data-key=\"rs-19\" data-title=\"Slide\" data-anim=\"d:10;ms:600;p:light;f:center;\" data-in=\"prst:rndany;o:0;r:10;sx:1.5;sy:1.5;col:50;\" data-alttrans=\"random-premium,random\">\n\t\t\t\t\t\t\t<img loading=\"lazy\" decoding=\"async\" src=\"\/\/kskonehuolto.fi\/fi\/wp-content\/uploads\/2021\/05\/99296935_2928637160565442_1113366642517082112_n.jpg\" title=\"99296935_2928637160565442_1113366642517082112_n\" width=\"2016\" height=\"1512\" class=\"rev-slidebg tp-rs-img\" data-parallax=\"9\" data-no-retina>\n<!--\n\t\t\t\t\t\t\t--><rs-layer\n\t\t\t\t\t\t\t\tid=\"slider-7-slide-19-layer-0\" \n\t\t\t\t\t\t\t\tdata-type=\"text\"\n\t\t\t\t\t\t\t\tdata-rsp_ch=\"on\"\n\t\t\t\t\t\t\t\tdata-xy=\"x:c;xo:22px,-13px,17px,15px;y:m;yo:99px,167px,-260px,-198px;\"\n\t\t\t\t\t\t\t\tdata-text=\"w:normal;s:22,19,20,18;l:26,22,20,16;ls:2px,1px,2px,1px;\"\n\t\t\t\t\t\t\t\tdata-padding=\"t:10,9,8,8;r:20,18,15,12;b:10,9,8,8;l:20,18,15,12;\"\n\t\t\t\t\t\t\t\tdata-border=\"bow:0,0,1px,0;\"\n\t\t\t\t\t\t\t\tdata-frame_0=\"sX:2;sY:2;\"\n\t\t\t\t\t\t\t\tdata-frame_0_mask=\"u:t;\"\n\t\t\t\t\t\t\t\tdata-frame_1=\"e:power2.out;st:670;sp:1000;sR:670;\"\n\t\t\t\t\t\t\t\tdata-frame_1_mask=\"u:t;\"\n\t\t\t\t\t\t\t\tdata-frame_999=\"o:0;st:w;sR:7330;\"\n\t\t\t\t\t\t\t\tstyle=\"z-index:7;background-color:rgba(12,12,12,0.5);font-family:Oswald;text-transform:uppercase;\"\n\t\t\t\t\t\t\t>Keski-suomen konehuolto \n\t\t\t\t\t\t\t<\/rs-layer><!--\n\n\t\t\t\t\t\t\t--><rs-layer\n\t\t\t\t\t\t\t\tid=\"slider-7-slide-19-layer-28\" \n\t\t\t\t\t\t\t\tdata-type=\"text\"\n\t\t\t\t\t\t\t\tdata-rsp_ch=\"on\"\n\t\t\t\t\t\t\t\tdata-xy=\"x:c;xo:29px,6px,17px,660px;y:m;yo:267px,311px,-144px,-12px;\"\n\t\t\t\t\t\t\t\tdata-text=\"w:normal;s:22,19,20,18;l:26,22,20,16;ls:2px,1px,2px,1px;\"\n\t\t\t\t\t\t\t\tdata-padding=\"t:10,9,8,8;r:20,18,15,12;b:10,9,8,8;l:20,18,15,12;\"\n\t\t\t\t\t\t\t\tdata-border=\"bow:0,0,1px,0;\"\n\t\t\t\t\t\t\t\tdata-frame_0=\"sX:2;sY:2;\"\n\t\t\t\t\t\t\t\tdata-frame_0_mask=\"u:t;\"\n\t\t\t\t\t\t\t\tdata-frame_1=\"e:power2.out;st:670;sp:1000;sR:670;\"\n\t\t\t\t\t\t\t\tdata-frame_1_mask=\"u:t;\"\n\t\t\t\t\t\t\t\tdata-frame_999=\"o:0;st:w;sR:7330;\"\n\t\t\t\t\t\t\t\tstyle=\"z-index:6;background-color:rgba(12,12,12,0.5);font-family:Oswald;text-transform:uppercase;\"\n\t\t\t\t\t\t\t>Logistiikan kumppani suuuuurissa kuljetuksissa \n\t\t\t\t\t\t\t<\/rs-layer><!--\n\n\t\t\t\t\t\t\t--><rs-layer\n\t\t\t\t\t\t\t\tid=\"slider-7-slide-19-layer-35\" \n\t\t\t\t\t\t\t\tdata-type=\"text\"\n\t\t\t\t\t\t\t\tdata-color=\"rgba(255, 204, 0, 0.7)\"\n\t\t\t\t\t\t\t\tdata-rsp_ch=\"on\"\n\t\t\t\t\t\t\t\tdata-xy=\"x:c;xo:14px,3px,24px,13px;y:m;yo:182px,241px,-201px,-152px;\"\n\t\t\t\t\t\t\t\tdata-text=\"w:normal;s:124,108,70,46;l:124,108,72,52;fw:500;a:center;\"\n\t\t\t\t\t\t\t\tdata-tst=\"w:2px,1px,1px,1px;c:#ffffff;\"\n\t\t\t\t\t\t\t\tdata-frame_0=\"sX:2;sY:2;\"\n\t\t\t\t\t\t\t\tdata-frame_0_mask=\"u:t;\"\n\t\t\t\t\t\t\t\tdata-frame_1=\"e:power2.out;st:1420;sp:1000;sR:1420;\"\n\t\t\t\t\t\t\t\tdata-frame_1_mask=\"u:t;\"\n\t\t\t\t\t\t\t\tdata-frame_999=\"o:0;st:w;sR:6580;\"\n\t\t\t\t\t\t\t\tstyle=\"z-index:10;background-color:rgba(12,12,12,0.5);font-family:Oswald;text-transform:uppercase;\"\n\t\t\t\t\t\t\t>Erikoiskuljetukset \n\t\t\t\t\t\t\t<\/rs-layer><!--\n-->\t\t\t\t\t\t<\/rs-slide>\n\t\t\t\t\t<\/rs-slides>\n\t\t\t\t<\/rs-module>\n\t\t\t\t<script type=\"text\/javascript\">\n\t\t\t\t\tsetREVStartSize({c: 'rev_slider_7_1',rl:[1240,1024,778,480],el:[600,681.989,580,440],gw:[1170,1024,778,480],gh:[600,682,580,440],type:'standard',justify:'',layout:'fullwidth',mh:\"0\"});\n\t\t\t\t\tvar\trevapi7,\n\t\t\t\t\t\ttpj;\n\t\t\t\t\tfunction revinit_revslider71() {\n\t\t\t\t\tjQuery(function() {\n\t\t\t\t\t\ttpj = jQuery;\n\t\t\t\t\t\trevapi7 = tpj(\"#rev_slider_7_1\");\n\t\t\t\t\t\tif(revapi7==undefined || revapi7.revolution == undefined){\n\t\t\t\t\t\t\trevslider_showDoubleJqueryError(\"rev_slider_7_1\");\n\t\t\t\t\t\t}else{\n\t\t\t\t\t\t\trevapi7.revolution({\n\t\t\t\t\t\t\t\tDPR:\"dpr\",\n\t\t\t\t\t\t\t\tvisibilityLevels:\"1240,1024,778,480\",\n\t\t\t\t\t\t\t\tgridwidth:\"1170,1024,778,480\",\n\t\t\t\t\t\t\t\tgridheight:\"600,682,580,440\",\n\t\t\t\t\t\t\t\tspinner:\"spinner0\",\n\t\t\t\t\t\t\t\tperspective:600,\n\t\t\t\t\t\t\t\tperspectiveType:\"local\",\n\t\t\t\t\t\t\t\teditorheight:\"600,681.989,580,440\",\n\t\t\t\t\t\t\t\tresponsiveLevels:\"1240,1024,778,480\",\n\t\t\t\t\t\t\t\tajaxUrl:\"https:\/\/kskonehuolto.fi\/fi\/wp-admin\/admin-ajax.php\",\n\t\t\t\t\t\t\t\tajaxNonce:\"284fc588ae\",\n\t\t\t\t\t\t\t\tprogressBar: {\n\t\t\t\t\t\t\t\t\tcolor:\"rgba(0,0,0,0.15)\",\n\t\t\t\t\t\t\t\t\tvertical:\"top\",\n\t\t\t\t\t\t\t\t\tsize:5,\n\t\t\t\t\t\t\t\t\tx:0,\n\t\t\t\t\t\t\t\t\ty:0\n\t\t\t\t\t\t\t\t},\n\t\t\t\t\t\t\t\tparallax: {\n\t\t\t\t\t\t\t\t\tlevels:[5,10,15,20,25,30,35,40,45,46,47,48,49,50,51,55],\n\t\t\t\t\t\t\t\t\ttype:\"mouse\"\n\t\t\t\t\t\t\t\t},\n\t\t\t\t\t\t\t\tfallbacks: {\n\t\t\t\t\t\t\t\t\tallowHTML5AutoPlayOnAndroid:true\n\t\t\t\t\t\t\t\t},\n\t\t\t\t\t\t\t});\n\t\t\t\t\t\t}\n\t\t\t\t\t\t\n\t\t\t\t\t});\n\t\t\t\t\t} \/\/ End of RevInitScript\n\t\t\t\tvar once_revslider71 = false;\n\t\t\t\tif (document.readyState === \"loading\") {document.addEventListener('readystatechange',function() { if((document.readyState === \"interactive\" || document.readyState === \"complete\") && !once_revslider71 ) { once_revslider71 = true; revinit_revslider71();}});} else {once_revslider71 = true; revinit_revslider71();}\n\t\t\t\t<\/script>\n\t\t\t<\/rs-module-wrap>\n\t\t\t<!-- END REVOLUTION SLIDER -->\n<\/div>\r\n\r\n\t\t\t\t<\/div>\n\t\t\t\t<\/div>\n\t\t\t\t\t<\/div>\n\t\t<\/div>\n\t\t\t\t\t\t\t<\/div>\n\t\t<\/section>\n\t\t\t\t<section class=\"elementor-section elementor-top-section elementor-element elementor-element-2766113f elementor-section-boxed elementor-section-height-default elementor-section-height-default\" data-id=\"2766113f\" data-element_type=\"section\">\n\t\t\t\t\t\t<div class=\"elementor-container elementor-column-gap-default\">\n\t\t\t\t\t<div class=\"elementor-column elementor-col-100 elementor-top-column elementor-element elementor-element-efc074b top column-style-top\" data-id=\"efc074b\" data-element_type=\"column\">\n\t\t\t<div class=\"elementor-widget-wrap\">\n\t\t\t\t\t\t\t\t\t<\/div>\n\t\t<\/div>\n\t\t\t\t\t\t\t<\/div>\n\t\t<\/section>\n\t\t\t\t<section class=\"elementor-section elementor-top-section elementor-element elementor-element-50ab4303 elementor-section-full_width elementor-section-height-default elementor-section-height-default\" data-id=\"50ab4303\" data-element_type=\"section\">\n\t\t\t\t\t\t<div class=\"elementor-container elementor-column-gap-default\">\n\t\t\t\t\t<div class=\"elementor-column elementor-col-100 elementor-top-column elementor-element elementor-element-3a153f60 top column-style-top\" data-id=\"3a153f60\" data-element_type=\"column\">\n\t\t\t<div class=\"elementor-widget-wrap elementor-element-populated\">\n\t\t\t\t\t\t\t\t<div class=\"elementor-element elementor-element-39843c26 elementor-widget elementor-widget-spacer\" data-id=\"39843c26\" data-element_type=\"widget\" data-widget_type=\"spacer.default\">\n\t\t\t\t<div class=\"elementor-widget-container\">\n\t\t\t\t\t<div class=\"elementor-spacer\">\n\t\t\t<div class=\"elementor-spacer-inner\"><\/div>\n\t\t<\/div>\n\t\t\t\t<\/div>\n\t\t\t\t<\/div>\n\t\t\t\t\t<\/div>\n\t\t<\/div>\n\t\t\t\t\t\t\t<\/div>\n\t\t<\/section>\n\t\t\t\t<section class=\"elementor-section elementor-top-section elementor-element elementor-element-6da7fc2d elementor-section-boxed elementor-section-height-default elementor-section-height-default\" data-id=\"6da7fc2d\" data-element_type=\"section\" data-settings=\"{&quot;background_background&quot;:&quot;classic&quot;}\">\n\t\t\t\t\t\t<div class=\"elementor-container elementor-column-gap-default\">\n\t\t\t\t\t<div class=\"elementor-column elementor-col-50 elementor-top-column elementor-element elementor-element-53aadb4a top column-style-top\" data-id=\"53aadb4a\" data-element_type=\"column\">\n\t\t\t<div class=\"elementor-widget-wrap elementor-element-populated\">\n\t\t\t\t\t\t\t\t<div class=\"elementor-element elementor-element-33be6bf elementor-widget elementor-widget-image\" data-id=\"33be6bf\" data-element_type=\"widget\" data-settings=\"{&quot;_animation&quot;:&quot;none&quot;}\" data-widget_type=\"image.default\">\n\t\t\t\t<div class=\"elementor-widget-container\">\n\t\t\t\t\t\t\t\t\t\t\t\t\t\t\t<img loading=\"lazy\" decoding=\"async\" width=\"600\" height=\"600\" src=\"https:\/\/kskonehuolto.fi\/fi\/wp-content\/uploads\/2021\/10\/pkuva2-600x600.jpg\" class=\"attachment-medium size-medium\" alt=\"\" srcset=\"https:\/\/kskonehuolto.fi\/fi\/wp-content\/uploads\/2021\/10\/pkuva2-600x600.jpg 600w, https:\/\/kskonehuolto.fi\/fi\/wp-content\/uploads\/2021\/10\/pkuva2-300x300.jpg 300w, https:\/\/kskonehuolto.fi\/fi\/wp-content\/uploads\/2021\/10\/pkuva2-scaled-180x180.jpg 180w, https:\/\/kskonehuolto.fi\/fi\/wp-content\/uploads\/2021\/10\/pkuva2-24x24.jpg 24w, https:\/\/kskonehuolto.fi\/fi\/wp-content\/uploads\/2021\/10\/pkuva2-48x48.jpg 48w, https:\/\/kskonehuolto.fi\/fi\/wp-content\/uploads\/2021\/10\/pkuva2-96x96.jpg 96w, https:\/\/kskonehuolto.fi\/fi\/wp-content\/uploads\/2021\/10\/pkuva2-150x150.jpg 150w\" sizes=\"auto, (max-width: 600px) 100vw, 600px\" \/>\t\t\t\t\t\t\t\t\t\t\t\t\t\t\t<\/div>\n\t\t\t\t<\/div>\n\t\t\t\t<div class=\"elementor-element elementor-element-2a958e9c elementor-widget elementor-widget-text-editor\" data-id=\"2a958e9c\" data-element_type=\"widget\" data-widget_type=\"text-editor.default\">\n\t\t\t\t<div class=\"elementor-widget-container\">\n\t\t\t\t\t\t\t\t\t\t\t\t\t<\/div>\n\t\t\t\t<\/div>\n\t\t\t\t<div class=\"elementor-element elementor-element-41218728 elementor-widget elementor-widget-text-editor\" data-id=\"41218728\" data-element_type=\"widget\" data-widget_type=\"text-editor.default\">\n\t\t\t\t<div class=\"elementor-widget-container\">\n\t\t\t\t\t\t\t\t\t\t\t\t\t<\/div>\n\t\t\t\t<\/div>\n\t\t\t\t<div class=\"elementor-element elementor-element-5664cabd elementor-widget elementor-widget-wp-widget-text\" data-id=\"5664cabd\" data-element_type=\"widget\" data-widget_type=\"wp-widget-text.default\">\n\t\t\t\t<div class=\"elementor-widget-container\">\n\t\t\t\t\t\t<div class=\"textwidget\"><p>Autojemme varustukseen\u00a0 kuuluu tarvittaessa mm.<\/p>\n<ul>\n<li>Puheyhteyden rakentaminen ajoneuvojen v\u00e4lill\u00e4<\/li>\n<li>Kuorman merkint\u00e4v\u00e4lineet<\/li>\n<li>Kuorman sidontav\u00e4lineet<\/li>\n<li>Liikennemerkkien katkaisu- ja liitosv\u00e4lineet<\/li>\n<\/ul>\n<p>Annamme mielell\u00e4mme konsultointiapua kuljetuksiin liittyen.<\/p>\n<\/div>\n\t\t\t\t<\/div>\n\t\t\t\t<\/div>\n\t\t\t\t<div class=\"elementor-element elementor-element-28802be2 elementor-widget elementor-widget-text-editor\" data-id=\"28802be2\" data-element_type=\"widget\" data-widget_type=\"text-editor.default\">\n\t\t\t\t<div class=\"elementor-widget-container\">\n\t\t\t\t\t\t\t\t\t\t\t\t\t<\/div>\n\t\t\t\t<\/div>\n\t\t\t\t\t<\/div>\n\t\t<\/div>\n\t\t\t\t<div class=\"elementor-column elementor-col-50 elementor-top-column elementor-element elementor-element-50a5d9ed top column-style-top\" data-id=\"50a5d9ed\" data-element_type=\"column\">\n\t\t\t<div class=\"elementor-widget-wrap elementor-element-populated\">\n\t\t\t\t\t\t\t\t<div class=\"elementor-element elementor-element-edec799 elementor-widget elementor-widget-wp-widget-text\" data-id=\"edec799\" data-element_type=\"widget\" data-widget_type=\"wp-widget-text.default\">\n\t\t\t\t<div class=\"elementor-widget-container\">\n\t\t\t\t\t\t<div class=\"textwidget\"><p>Tarjoamme kokonaisvaltaista erikoiskuljetusten liikenteenohjausta niin pieniin kuin suuriinkin projekteihin.<\/p>\n<p>Luotettavan kalustomme, kokeneen henkil\u00f6kuntamme sek\u00e4 kattavan yhteisty\u00f6verkoston avulla pystymme hoitamaan isotkin kuljetus kokonaisuudet, oli kyse sitten yksitt\u00e4isest\u00e4 suuresta kuormasta tai pitk\u00e4kestoisesta, useita kuormia sis\u00e4lt\u00e4v\u00e4st\u00e4 kokonaisuudesta, kuten tuulivoimapuiston rakentamisesta .<\/p>\n<p>Palveluihimme kuuluu mm:<\/p>\n<ul>\n<li>Varoitusauto- ja erikoiskuljetuspalvelut<\/li>\n<li>Reittisuunnittelu<\/li>\n<li>Kuljetuksiin liittyv\u00e4t lastaus-, purku- ja aputy\u00f6t<\/li>\n<\/ul>\n<\/div>\n\t\t\t\t<\/div>\n\t\t\t\t<\/div>\n\t\t\t\t<div class=\"elementor-element elementor-element-7ca42cd9 elementor-widget elementor-widget-image\" data-id=\"7ca42cd9\" data-element_type=\"widget\" data-settings=\"{&quot;_animation&quot;:&quot;none&quot;}\" data-widget_type=\"image.default\">\n\t\t\t\t<div class=\"elementor-widget-container\">\n\t\t\t\t\t\t\t\t\t\t\t\t\t\t\t<img loading=\"lazy\" decoding=\"async\" width=\"600\" height=\"600\" src=\"https:\/\/kskonehuolto.fi\/fi\/wp-content\/uploads\/2021\/05\/99296935_2928637160565442_1113366642517082112_n-600x600.jpg\" class=\"attachment-medium size-medium\" alt=\"\" srcset=\"https:\/\/kskonehuolto.fi\/fi\/wp-content\/uploads\/2021\/05\/99296935_2928637160565442_1113366642517082112_n-600x600.jpg 600w, https:\/\/kskonehuolto.fi\/fi\/wp-content\/uploads\/2021\/05\/99296935_2928637160565442_1113366642517082112_n-300x300.jpg 300w, https:\/\/kskonehuolto.fi\/fi\/wp-content\/uploads\/2021\/05\/99296935_2928637160565442_1113366642517082112_n-180x180.jpg 180w, https:\/\/kskonehuolto.fi\/fi\/wp-content\/uploads\/2021\/05\/99296935_2928637160565442_1113366642517082112_n-24x24.jpg 24w, https:\/\/kskonehuolto.fi\/fi\/wp-content\/uploads\/2021\/05\/99296935_2928637160565442_1113366642517082112_n-48x48.jpg 48w, https:\/\/kskonehuolto.fi\/fi\/wp-content\/uploads\/2021\/05\/99296935_2928637160565442_1113366642517082112_n-96x96.jpg 96w, https:\/\/kskonehuolto.fi\/fi\/wp-content\/uploads\/2021\/05\/99296935_2928637160565442_1113366642517082112_n-150x150.jpg 150w\" sizes=\"auto, (max-width: 600px) 100vw, 600px\" \/>\t\t\t\t\t\t\t\t\t\t\t\t\t\t\t<\/div>\n\t\t\t\t<\/div>\n\t\t\t\t\t<\/div>\n\t\t<\/div>\n\t\t\t\t\t\t\t<\/div>\n\t\t<\/section>\n\t\t\t\t<section class=\"elementor-section elementor-top-section elementor-element elementor-element-1af0cb81 elementor-section-full_width elementor-section-height-default elementor-section-height-default\" data-id=\"1af0cb81\" data-element_type=\"section\">\n\t\t\t\t\t\t<div class=\"elementor-container elementor-column-gap-default\">\n\t\t\t\t\t<div class=\"elementor-column elementor-col-100 elementor-top-column elementor-element elementor-element-e52f4b2 top column-style-top\" data-id=\"e52f4b2\" data-element_type=\"column\">\n\t\t\t<div class=\"elementor-widget-wrap elementor-element-populated\">\n\t\t\t\t\t\t\t\t<div class=\"elementor-element elementor-element-778c65bf elementor-arrows-position-inside elementor-pagination-position-outside elementor-widget elementor-widget-image-carousel\" data-id=\"778c65bf\" data-element_type=\"widget\" data-settings=\"{&quot;slides_to_show&quot;:&quot;3&quot;,&quot;navigation&quot;:&quot;both&quot;,&quot;autoplay&quot;:&quot;yes&quot;,&quot;pause_on_hover&quot;:&quot;yes&quot;,&quot;pause_on_interaction&quot;:&quot;yes&quot;,&quot;autoplay_speed&quot;:5000,&quot;infinite&quot;:&quot;yes&quot;,&quot;speed&quot;:500}\" data-widget_type=\"image-carousel.default\">\n\t\t\t\t<div class=\"elementor-widget-container\">\n\t\t\t\t\t<div class=\"elementor-image-carousel-wrapper swiper-container\" dir=\"ltr\">\n\t\t\t<div class=\"elementor-image-carousel swiper-wrapper\">\n\t\t\t\t\t\t\t\t<div class=\"swiper-slide\"><figure class=\"swiper-slide-inner\"><img decoding=\"async\" class=\"swiper-slide-image\" src=\"https:\/\/kskonehuolto.fi\/fi\/wp-content\/uploads\/2021\/10\/pkuva2-1-300x300.jpg\" alt=\"pkuva2\" \/><\/figure><\/div><div class=\"swiper-slide\"><figure class=\"swiper-slide-inner\"><img decoding=\"async\" class=\"swiper-slide-image\" src=\"https:\/\/kskonehuolto.fi\/fi\/wp-content\/uploads\/2021\/05\/99296935_2928637160565442_1113366642517082112_n-300x300.jpg\" alt=\"99296935_2928637160565442_1113366642517082112_n\" \/><\/figure><\/div><div class=\"swiper-slide\"><figure class=\"swiper-slide-inner\"><img decoding=\"async\" class=\"swiper-slide-image\" src=\"https:\/\/kskonehuolto.fi\/fi\/wp-content\/uploads\/2021\/10\/3-300x300.png\" alt=\"3\" \/><\/figure><\/div><div class=\"swiper-slide\"><figure class=\"swiper-slide-inner\"><img decoding=\"async\" class=\"swiper-slide-image\" src=\"https:\/\/kskonehuolto.fi\/fi\/wp-content\/uploads\/2021\/10\/IMG_6567-300x300.jpg\" alt=\"IMG_6567\" \/><\/figure><\/div><div class=\"swiper-slide\"><figure class=\"swiper-slide-inner\"><img decoding=\"async\" class=\"swiper-slide-image\" src=\"https:\/\/kskonehuolto.fi\/fi\/wp-content\/uploads\/2021\/10\/IMG-20211014-WA0007-1-300x300.jpg\" alt=\"IMG-20211014-WA0007\" \/><\/figure><\/div><div class=\"swiper-slide\"><figure class=\"swiper-slide-inner\"><img decoding=\"async\" class=\"swiper-slide-image\" src=\"https:\/\/kskonehuolto.fi\/fi\/wp-content\/uploads\/2021\/10\/IMG-20211014-WA0008-1-300x300.jpg\" alt=\"IMG-20211014-WA0008\" \/><\/figure><\/div><div class=\"swiper-slide\"><figure class=\"swiper-slide-inner\"><img decoding=\"async\" class=\"swiper-slide-image\" src=\"https:\/\/kskonehuolto.fi\/fi\/wp-content\/uploads\/2021\/10\/IMG-20211014-WA0014-300x300.jpg\" alt=\"IMG-20211014-WA0014\" \/><\/figure><\/div>\t\t\t<\/div>\n\t\t\t\t\t\t\t\t\t\t\t\t<div class=\"swiper-pagination\"><\/div>\n\t\t\t\t\t\t\t\t\t\t\t\t\t<div class=\"elementor-swiper-button elementor-swiper-button-prev\">\n\t\t\t\t\t\t<i aria-hidden=\"true\" class=\"eicon-chevron-left\"><\/i>\t\t\t\t\t\t<span class=\"elementor-screen-only\">Edellinen<\/span>\n\t\t\t\t\t<\/div>\n\t\t\t\t\t<div class=\"elementor-swiper-button elementor-swiper-button-next\">\n\t\t\t\t\t\t<i aria-hidden=\"true\" class=\"eicon-chevron-right\"><\/i>\t\t\t\t\t\t<span class=\"elementor-screen-only\">Seuraava<\/span>\n\t\t\t\t\t<\/div>\n\t\t\t\t\t\t\t\t\t<\/div>\n\t\t\t\t<\/div>\n\t\t\t\t<\/div>\n\t\t\t\t\t<\/div>\n\t\t<\/div>\n\t\t\t\t\t\t\t<\/div>\n\t\t<\/section>\n\t\t\t\t<section class=\"elementor-section elementor-top-section elementor-element elementor-element-7e930fe0 elementor-section-boxed elementor-section-height-default elementor-section-height-default\" data-id=\"7e930fe0\" data-element_type=\"section\" data-settings=\"{&quot;background_background&quot;:&quot;classic&quot;,&quot;shape_divider_top&quot;:&quot;opacity-fan&quot;,&quot;shape_divider_bottom&quot;:&quot;opacity-tilt&quot;}\">\n\t\t\t\t\t<div class=\"elementor-shape elementor-shape-top\" data-negative=\"false\">\n\t\t\t<svg xmlns=\"http:\/\/www.w3.org\/2000\/svg\" viewBox=\"0 0 283.5 19.6\" preserveAspectRatio=\"none\">\n\t<path class=\"elementor-shape-fill\" style=\"opacity:0.33\" d=\"M0 0L0 18.8 141.8 4.1 283.5 18.8 283.5 0z\"\/>\n\t<path class=\"elementor-shape-fill\" style=\"opacity:0.33\" d=\"M0 0L0 12.6 141.8 4 283.5 12.6 283.5 0z\"\/>\n\t<path class=\"elementor-shape-fill\" style=\"opacity:0.33\" d=\"M0 0L0 6.4 141.8 4 283.5 6.4 283.5 0z\"\/>\n\t<path class=\"elementor-shape-fill\" d=\"M0 0L0 1.2 141.8 4 283.5 1.2 283.5 0z\"\/>\n<\/svg>\t\t<\/div>\n\t\t\t\t<div class=\"elementor-shape elementor-shape-bottom\" data-negative=\"false\">\n\t\t\t<svg xmlns=\"http:\/\/www.w3.org\/2000\/svg\" viewBox=\"0 0 2600 131.1\" preserveAspectRatio=\"none\">\n\t<path class=\"elementor-shape-fill\" d=\"M0 0L2600 0 2600 69.1 0 0z\"\/>\n\t<path class=\"elementor-shape-fill\" style=\"opacity:0.5\" d=\"M0 0L2600 0 2600 69.1 0 69.1z\"\/>\n\t<path class=\"elementor-shape-fill\" style=\"opacity:0.25\" d=\"M2600 0L0 0 0 130.1 2600 69.1z\"\/>\n<\/svg>\t\t<\/div>\n\t\t\t\t\t<div class=\"elementor-container elementor-column-gap-default\">\n\t\t\t\t\t<div class=\"elementor-column elementor-col-100 elementor-top-column elementor-element elementor-element-5126b829 col-bg-theme column-style-top\" data-id=\"5126b829\" data-element_type=\"column\" data-settings=\"{&quot;background_background&quot;:&quot;classic&quot;}\">\n\t\t\t<div class=\"elementor-widget-wrap elementor-element-populated\">\n\t\t\t\t\t\t\t\t<div class=\"elementor-element elementor-element-c7b96aa elementor-widget elementor-widget-gva-call-to-action\" data-id=\"c7b96aa\" data-element_type=\"widget\" data-widget_type=\"gva-call-to-action.default\">\n\t\t\t\t<div class=\"elementor-widget-container\">\n\t\t\t<div class=\"gva-element-gva-call-to-action gva-element\">\r\n   <div class=\"button-right widget gsc-call-to-action\">\r\n      <div class=\"content-inner clearfix\" >\r\n         <div class=\"cta-content\">\r\n                           <h2 class=\"title\">\r\n                  <span>Laitetaanko vilkut p\u00e4\u00e4lle?<\/span>\r\n               <\/h2>\r\n                                             <\/div>\r\n                     <div class=\"button-action\">\r\n                       <a href=\"tel:0400 605 282\" class=\"btn-cta btn-black\">\r\n          <span>Soita 0400 605 282<\/span>\r\n        <\/a>\r\n\r\n                    <\/div>\r\n               <\/div>\r\n   <\/div>\r\n<\/div>\t\t<\/div>\n\t\t\t\t<\/div>\n\t\t\t\t\t<\/div>\n\t\t<\/div>\n\t\t\t\t\t\t\t<\/div>\n\t\t<\/section>\n\t\t\t\t\t\t\t<\/div>\n\t\t","protected":false},"excerpt":{"rendered":"<p>Edellinen Seuraava Laitetaanko vilkut p\u00e4\u00e4lle? Soita 0400 605 282<\/p>\n","protected":false},"author":3,"featured_media":0,"parent":0,"menu_order":0,"comment_status":"closed","ping_status":"closed","template":"elementor_header_footer","meta":{"footnotes":""},"class_list":["post-11004","page","type-page","status-publish","hentry"],"_links":{"self":[{"href":"https:\/\/kskonehuolto.fi\/fi\/wp-json\/wp\/v2\/pages\/11004","targetHints":{"allow":["GET"]}}],"collection":[{"href":"https:\/\/kskonehuolto.fi\/fi\/wp-json\/wp\/v2\/pages"}],"about":[{"href":"https:\/\/kskonehuolto.fi\/fi\/wp-json\/wp\/v2\/types\/page"}],"author":[{"embeddable":true,"href":"https:\/\/kskonehuolto.fi\/fi\/wp-json\/wp\/v2\/users\/3"}],"replies":[{"embeddable":true,"href":"https:\/\/kskonehuolto.fi\/fi\/wp-json\/wp\/v2\/comments?post=11004"}],"version-history":[{"count":23,"href":"https:\/\/kskonehuolto.fi\/fi\/wp-json\/wp\/v2\/pages\/11004\/revisions"}],"predecessor-version":[{"id":11311,"href":"https:\/\/kskonehuolto.fi\/fi\/wp-json\/wp\/v2\/pages\/11004\/revisions\/11311"}],"wp:attachment":[{"href":"https:\/\/kskonehuolto.fi\/fi\/wp-json\/wp\/v2\/media?parent=11004"}],"curies":[{"name":"wp","href":"https:\/\/api.w.org\/{rel}","templated":true}]}}