{"id":5442,"date":"2019-06-13T07:24:06","date_gmt":"2019-06-13T07:24:06","guid":{"rendered":"https:\/\/themesgavias.com\/wp\/indutri\/?page_id=5442"},"modified":"2021-12-20T11:50:28","modified_gmt":"2021-12-20T11:50:28","slug":"konehuolto","status":"publish","type":"page","link":"https:\/\/kskonehuolto.fi\/fi\/konehuolto\/","title":{"rendered":"Konehuolto"},"content":{"rendered":"\t\t<div data-elementor-type=\"wp-post\" data-elementor-id=\"5442\" class=\"elementor elementor-5442\">\n\t\t\t\t\t\t\t\t\t<section class=\"elementor-section elementor-top-section elementor-element elementor-element-b6302cd elementor-section-full_width elementor-section-height-default elementor-section-height-default\" data-id=\"b6302cd\" data-element_type=\"section\">\n\t\t\t\t\t\t<div class=\"elementor-container elementor-column-gap-default\">\n\t\t\t\t\t<div class=\"elementor-column elementor-col-100 elementor-top-column elementor-element elementor-element-0a98283 top column-style-top\" data-id=\"0a98283\" data-element_type=\"column\">\n\t\t\t<div class=\"elementor-widget-wrap elementor-element-populated\">\n\t\t\t\t\t\t\t\t<div class=\"elementor-element elementor-element-4d3e2be elementor-widget elementor-widget-slider_revolution\" data-id=\"4d3e2be\" data-element_type=\"widget\" data-widget_type=\"slider_revolution.default\">\n\t\t\t\t<div class=\"elementor-widget-container\">\n\t\t\t\r\n\t\t<div class=\"wp-block-themepunch-revslider\">\n\t\t\t<!-- START Slider konehuolto REVOLUTION SLIDER 6.4.6 --><p class=\"rs-p-wp-fix\"><\/p>\n\t\t\t<rs-module-wrap id=\"rev_slider_1_1_wrapper\" data-source=\"gallery\" style=\"background:transparent;padding:0;margin:0px auto;margin-top:0;margin-bottom:0;max-width:100%;\">\n\t\t\t\t<rs-module id=\"rev_slider_1_1\" style=\"\" data-version=\"6.4.6\">\n\t\t\t\t\t<rs-slides>\n\t\t\t\t\t\t<rs-slide data-key=\"rs-1\" data-title=\"Slide\" data-anim=\"f:slidebased;\" data-in=\"prst:rndany;x:(100%);m:true;row:5;\" data-alttrans=\"random-premium,random\">\n\t\t\t\t\t\t\t<img loading=\"lazy\" decoding=\"async\" src=\"\/\/kskonehuolto.fi\/fi\/wp-content\/uploads\/2021\/05\/161921878_216566253593713_310440648557730790_n.jpg\" title=\"161921878_216566253593713_310440648557730790_n\" width=\"2048\" height=\"1365\" class=\"rev-slidebg tp-rs-img\" data-parallax=\"9\" data-no-retina>\n<!--\n\t\t\t\t\t\t\t--><rs-layer\n\t\t\t\t\t\t\t\tid=\"slider-1-slide-1-layer-28\" \n\t\t\t\t\t\t\t\tdata-type=\"text\"\n\t\t\t\t\t\t\t\tdata-rsp_ch=\"on\"\n\t\t\t\t\t\t\t\tdata-xy=\"x:c;xo:1px,6px,1px,579px;y:b,b,b,m;yo:4px,311px,226px,125px;\"\n\t\t\t\t\t\t\t\tdata-text=\"w:normal;s:22,19,20,18;l:26,22,20,16;ls:2px,1px,2px,1px;a:center;\"\n\t\t\t\t\t\t\t\tdata-dim=\"w:696.233px,609px,462px,285px;\"\n\t\t\t\t\t\t\t\tdata-padding=\"t:10,9,8,8;r:20,18,15,12;b:10,9,8,8;l:20,18,15,12;\"\n\t\t\t\t\t\t\t\tdata-border=\"bow:0,0,1px,0;\"\n\t\t\t\t\t\t\t\tdata-frame_0=\"sX:2;sY:2;\"\n\t\t\t\t\t\t\t\tdata-frame_0_mask=\"u:t;\"\n\t\t\t\t\t\t\t\tdata-frame_1=\"e:power2.out;st:670;sp:1000;sR:670;\"\n\t\t\t\t\t\t\t\tdata-frame_1_mask=\"u:t;\"\n\t\t\t\t\t\t\t\tdata-frame_999=\"o:0;st:w;sR:7330;\"\n\t\t\t\t\t\t\t\tstyle=\"z-index:5;background-color:rgba(12,12,12,0.45);font-family:Oswald;text-transform:uppercase;\"\n\t\t\t\t\t\t\t>Kaikki raskaan kaluston huollot ja korjaukset \n\t\t\t\t\t\t\t<\/rs-layer><!--\n\n\t\t\t\t\t\t\t--><rs-layer\n\t\t\t\t\t\t\t\tid=\"slider-1-slide-1-layer-35\" \n\t\t\t\t\t\t\t\tdata-type=\"button\"\n\t\t\t\t\t\t\t\tdata-color=\"#fff\"\n\t\t\t\t\t\t\t\tdata-rsp_ch=\"on\"\n\t\t\t\t\t\t\t\tdata-xy=\"x:c;y:b;yo:64px,56px,42px,25px;\"\n\t\t\t\t\t\t\t\tdata-text=\"w:normal;s:60,52,39,24;l:70,61,46,28;ls:-1,0,0,0;fw:500;a:center;\"\n\t\t\t\t\t\t\t\tdata-dim=\"w:577.986px,504px,382px,235px;h:113px,98px,74px,45px;minh:0px,none,none,none;\"\n\t\t\t\t\t\t\t\tdata-tst=\"w:2px,1px,1px,1px;c:#ffffff;\"\n\t\t\t\t\t\t\t\tdata-frame_0=\"sX:2;sY:2;\"\n\t\t\t\t\t\t\t\tdata-frame_0_mask=\"u:t;\"\n\t\t\t\t\t\t\t\tdata-frame_1=\"x:5px,4px,3px,1px;y:43px,37px,28px,17px;e:power2.out;st:1420;sp:1000;sR:1420;\"\n\t\t\t\t\t\t\t\tdata-frame_1_mask=\"u:t;\"\n\t\t\t\t\t\t\t\tdata-frame_999=\"o:0;st:w;sR:6580;\"\n\t\t\t\t\t\t\t\tstyle=\"z-index:7;background-color:rgba(12,12,12,0.64);font-family:Poppins;text-transform:uppercase;cursor:crosshair;\"\n\t\t\t\t\t\t\t>KONEHUOLTO \n\t\t\t\t\t\t\t<\/rs-layer><!--\n-->\t\t\t\t\t\t<\/rs-slide>\n\t\t\t\t\t<\/rs-slides>\n\t\t\t\t<\/rs-module>\n\t\t\t\t<script type=\"text\/javascript\">\n\t\t\t\t\tsetREVStartSize({c: 'rev_slider_1_1',rl:[1240,1024,778,480],el:[600,681.989,580,440],gw:[1170,1024,778,480],gh:[600,682,580,440],type:'standard',justify:'',layout:'fullwidth',mh:\"0\"});\n\t\t\t\t\tvar\trevapi1,\n\t\t\t\t\t\ttpj;\n\t\t\t\t\tfunction revinit_revslider11() {\n\t\t\t\t\tjQuery(function() {\n\t\t\t\t\t\ttpj = jQuery;\n\t\t\t\t\t\trevapi1 = tpj(\"#rev_slider_1_1\");\n\t\t\t\t\t\tif(revapi1==undefined || revapi1.revolution == undefined){\n\t\t\t\t\t\t\trevslider_showDoubleJqueryError(\"rev_slider_1_1\");\n\t\t\t\t\t\t}else{\n\t\t\t\t\t\t\trevapi1.revolution({\n\t\t\t\t\t\t\t\tDPR:\"dpr\",\n\t\t\t\t\t\t\t\tvisibilityLevels:\"1240,1024,778,480\",\n\t\t\t\t\t\t\t\tgridwidth:\"1170,1024,778,480\",\n\t\t\t\t\t\t\t\tgridheight:\"600,682,580,440\",\n\t\t\t\t\t\t\t\tspinner:\"spinner0\",\n\t\t\t\t\t\t\t\tperspective:600,\n\t\t\t\t\t\t\t\tperspectiveType:\"local\",\n\t\t\t\t\t\t\t\teditorheight:\"600,681.989,580,440\",\n\t\t\t\t\t\t\t\tresponsiveLevels:\"1240,1024,778,480\",\n\t\t\t\t\t\t\t\tajaxUrl:\"https:\/\/kskonehuolto.fi\/fi\/wp-admin\/admin-ajax.php\",\n\t\t\t\t\t\t\t\tajaxNonce:\"76fddc825e\",\n\t\t\t\t\t\t\t\tprogressBar: {\n\t\t\t\t\t\t\t\t\tcolor:\"rgba(0,0,0,0.15)\",\n\t\t\t\t\t\t\t\t\tvertical:\"top\",\n\t\t\t\t\t\t\t\t\tsize:5,\n\t\t\t\t\t\t\t\t\tx:0,\n\t\t\t\t\t\t\t\t\ty:0\n\t\t\t\t\t\t\t\t},\n\t\t\t\t\t\t\t\tparallax: {\n\t\t\t\t\t\t\t\t\tlevels:[5,10,15,20,25,30,35,40,45,46,47,48,49,50,51,55],\n\t\t\t\t\t\t\t\t\ttype:\"mouse\"\n\t\t\t\t\t\t\t\t},\n\t\t\t\t\t\t\t\tfallbacks: {\n\t\t\t\t\t\t\t\t\tallowHTML5AutoPlayOnAndroid:true\n\t\t\t\t\t\t\t\t},\n\t\t\t\t\t\t\t});\n\t\t\t\t\t\t}\n\t\t\t\t\t\t\n\t\t\t\t\t});\n\t\t\t\t\t} \/\/ End of RevInitScript\n\t\t\t\tvar once_revslider11 = false;\n\t\t\t\tif (document.readyState === \"loading\") {document.addEventListener('readystatechange',function() { if((document.readyState === \"interactive\" || document.readyState === \"complete\") && !once_revslider11 ) { once_revslider11 = true; revinit_revslider11();}});} else {once_revslider11 = true; revinit_revslider11();}\n\t\t\t\t<\/script>\n\t\t\t<\/rs-module-wrap>\n\t\t\t<!-- END REVOLUTION SLIDER -->\n<\/div>\r\n\r\n\t\t\t\t<\/div>\n\t\t\t\t<\/div>\n\t\t\t\t\t<\/div>\n\t\t<\/div>\n\t\t\t\t\t\t\t<\/div>\n\t\t<\/section>\n\t\t\t\t<section class=\"elementor-section elementor-top-section elementor-element elementor-element-8529902 elementor-section-full_width elementor-section-height-default elementor-section-height-default\" data-id=\"8529902\" data-element_type=\"section\" data-settings=\"{&quot;shape_divider_top&quot;:&quot;curve&quot;}\">\n\t\t\t\t\t<div class=\"elementor-shape elementor-shape-top\" data-negative=\"false\">\n\t\t\t<svg xmlns=\"http:\/\/www.w3.org\/2000\/svg\" viewBox=\"0 0 1000 100\" preserveAspectRatio=\"none\">\n    <path class=\"elementor-shape-fill\" d=\"M1000,4.3V0H0v4.3C0.9,23.1,126.7,99.2,500,100S1000,22.7,1000,4.3z\"\/>\n<\/svg>\t\t<\/div>\n\t\t\t\t\t<div class=\"elementor-container elementor-column-gap-default\">\n\t\t\t\t\t<div class=\"elementor-column elementor-col-100 elementor-top-column elementor-element elementor-element-aee8952 top column-style-top\" data-id=\"aee8952\" data-element_type=\"column\">\n\t\t\t<div class=\"elementor-widget-wrap\">\n\t\t\t\t\t\t\t\t\t<\/div>\n\t\t<\/div>\n\t\t\t\t\t\t\t<\/div>\n\t\t<\/section>\n\t\t\t\t<section class=\"elementor-section elementor-top-section elementor-element elementor-element-a6a5923 elementor-section-boxed elementor-section-height-default elementor-section-height-default\" data-id=\"a6a5923\" data-element_type=\"section\" data-settings=\"{&quot;background_background&quot;:&quot;classic&quot;}\">\n\t\t\t\t\t\t<div class=\"elementor-container elementor-column-gap-default\">\n\t\t\t\t\t<div class=\"elementor-column elementor-col-50 elementor-top-column elementor-element elementor-element-30998c7 top column-style-top\" data-id=\"30998c7\" data-element_type=\"column\">\n\t\t\t<div class=\"elementor-widget-wrap elementor-element-populated\">\n\t\t\t\t\t\t\t\t<div class=\"elementor-element elementor-element-1568f16 elementor-widget elementor-widget-image\" data-id=\"1568f16\" data-element_type=\"widget\" data-settings=\"{&quot;_animation&quot;:&quot;none&quot;}\" data-widget_type=\"image.default\">\n\t\t\t\t<div class=\"elementor-widget-container\">\n\t\t\t\t\t\t\t\t\t\t\t\t\t\t\t<img loading=\"lazy\" decoding=\"async\" width=\"600\" height=\"600\" src=\"https:\/\/kskonehuolto.fi\/fi\/wp-content\/uploads\/2021\/05\/43de3173f67ff13257231193e67126e3-600x600.jpg\" class=\"attachment-medium size-medium\" alt=\"\" srcset=\"https:\/\/kskonehuolto.fi\/fi\/wp-content\/uploads\/2021\/05\/43de3173f67ff13257231193e67126e3-600x601.jpg 600w, https:\/\/kskonehuolto.fi\/fi\/wp-content\/uploads\/2021\/05\/43de3173f67ff13257231193e67126e3-300x300.jpg 300w, https:\/\/kskonehuolto.fi\/fi\/wp-content\/uploads\/2021\/05\/43de3173f67ff13257231193e67126e3-180x180.jpg 180w, https:\/\/kskonehuolto.fi\/fi\/wp-content\/uploads\/2021\/05\/43de3173f67ff13257231193e67126e3-24x24.jpg 24w, https:\/\/kskonehuolto.fi\/fi\/wp-content\/uploads\/2021\/05\/43de3173f67ff13257231193e67126e3-48x48.jpg 48w, https:\/\/kskonehuolto.fi\/fi\/wp-content\/uploads\/2021\/05\/43de3173f67ff13257231193e67126e3-96x96.jpg 96w, https:\/\/kskonehuolto.fi\/fi\/wp-content\/uploads\/2021\/05\/43de3173f67ff13257231193e67126e3-150x150.jpg 150w, https:\/\/kskonehuolto.fi\/fi\/wp-content\/uploads\/2021\/05\/43de3173f67ff13257231193e67126e3.jpg 680w\" sizes=\"auto, (max-width: 600px) 100vw, 600px\" \/>\t\t\t\t\t\t\t\t\t\t\t\t\t\t\t<\/div>\n\t\t\t\t<\/div>\n\t\t\t\t<div class=\"elementor-element elementor-element-91ef34f elementor-widget elementor-widget-wp-widget-text\" data-id=\"91ef34f\" data-element_type=\"widget\" data-widget_type=\"wp-widget-text.default\">\n\t\t\t\t<div class=\"elementor-widget-container\">\n\t\t\t\t\t\t<div class=\"textwidget\"><p><strong>Maastohitsaukset ja poltto- sek\u00e4 plasmaleikkaukset<\/strong><\/p>\n<div>\n<p>Huoltoautomme varustukseen kuuluu my\u00f6s tehokkaat hitsaus- ja plasmaleikkaus laitteet, joiden ansiosta hitsausty\u00f6t onnistuvat my\u00f6s kentt\u00e4olosuhteissa.<\/p>\n<\/div>\n<p><strong>Huolto- ja korjauspalveluihimme kuuluu mm.<\/strong><\/p>\n<ul>\n<li>Kauhojen korjaus<\/li>\n<li>Huulilevyn vaihto<\/li>\n<li>Kynsien vaihto<\/li>\n<li>Kulutusosien vaihto<\/li>\n<li>Puomien korjaus<\/li>\n<li>\u00d6ljynvaihdot<\/li>\n<li>Telaremontit<\/li>\n<li>Hydrauliikan korjaus<\/li>\n<li>Pakettiautojen alustaremontit, ilmastointi- ja vaihteistohuollot.<\/li>\n<\/ul>\n<p>sek\u00e4 paljon muuta, kysy rohkeasti lis\u00e4\u00e4!<\/p>\n<\/div>\n\t\t\t\t<\/div>\n\t\t\t\t<\/div>\n\t\t\t\t<div class=\"elementor-element elementor-element-d650b5b elementor-widget elementor-widget-text-editor\" data-id=\"d650b5b\" data-element_type=\"widget\" data-widget_type=\"text-editor.default\">\n\t\t\t\t<div class=\"elementor-widget-container\">\n\t\t\t\t\t\t\t\t\t\t\t\t\t<\/div>\n\t\t\t\t<\/div>\n\t\t\t\t<div class=\"elementor-element elementor-element-1fb69d4 elementor-widget elementor-widget-image\" data-id=\"1fb69d4\" data-element_type=\"widget\" data-settings=\"{&quot;_animation&quot;:&quot;none&quot;}\" data-widget_type=\"image.default\">\n\t\t\t\t<div class=\"elementor-widget-container\">\n\t\t\t\t\t\t\t\t\t\t\t\t\t\t\t<img loading=\"lazy\" decoding=\"async\" width=\"600\" height=\"455\" src=\"https:\/\/kskonehuolto.fi\/fi\/wp-content\/uploads\/2021\/10\/IMG_6357-600x455.jpg\" class=\"attachment-post-thumbnail size-post-thumbnail\" alt=\"\" \/>\t\t\t\t\t\t\t\t\t\t\t\t\t\t\t<\/div>\n\t\t\t\t<\/div>\n\t\t\t\t<div class=\"elementor-element elementor-element-bcd6ab3 elementor-widget elementor-widget-text-editor\" data-id=\"bcd6ab3\" data-element_type=\"widget\" data-widget_type=\"text-editor.default\">\n\t\t\t\t<div class=\"elementor-widget-container\">\n\t\t\t\t\t\t\t\t\t\t\t\t\t<\/div>\n\t\t\t\t<\/div>\n\t\t\t\t<div class=\"elementor-element elementor-element-a30ec61 elementor-widget elementor-widget-text-editor\" data-id=\"a30ec61\" data-element_type=\"widget\" data-widget_type=\"text-editor.default\">\n\t\t\t\t<div class=\"elementor-widget-container\">\n\t\t\t\t\t\t\t\t\t\t\t\t\t<\/div>\n\t\t\t\t<\/div>\n\t\t\t\t\t<\/div>\n\t\t<\/div>\n\t\t\t\t<div class=\"elementor-column elementor-col-50 elementor-top-column elementor-element elementor-element-95da620 top column-style-top\" data-id=\"95da620\" data-element_type=\"column\">\n\t\t\t<div class=\"elementor-widget-wrap elementor-element-populated\">\n\t\t\t\t\t\t\t\t<div class=\"elementor-element elementor-element-f34931b elementor-widget elementor-widget-spacer\" data-id=\"f34931b\" data-element_type=\"widget\" data-widget_type=\"spacer.default\">\n\t\t\t\t<div class=\"elementor-widget-container\">\n\t\t\t\t\t<div class=\"elementor-spacer\">\n\t\t\t<div class=\"elementor-spacer-inner\"><\/div>\n\t\t<\/div>\n\t\t\t\t<\/div>\n\t\t\t\t<\/div>\n\t\t\t\t<div class=\"elementor-element elementor-element-028adb0 elementor-widget elementor-widget-wp-widget-text\" data-id=\"028adb0\" data-element_type=\"widget\" data-widget_type=\"wp-widget-text.default\">\n\t\t\t\t<div class=\"elementor-widget-container\">\n\t\t\t\t\t\t<div class=\"textwidget\"><h1 class=\"headline\">LAADUKASTA RASKASKONEHUOLTOA<\/h1>\n<p class=\"bodytext\"><strong>Liikkuva huoltoautomme palvelee koko Suomessa<\/strong><\/p>\n<p class=\"bodytext\">Korjaamme ja huollamme ammattitaidolla kaikki maanrakennuskoneet ja muun raskaan kaluston. Raskaskonehuollon palvelut kattavat koko Suomen, sill\u00e4 liikkuva huoltoautomme kulkee Jyv\u00e4skyl\u00e4st\u00e4 nopeasti sinne, miss\u00e4 apua tarvitaan.<\/p>\n<\/div>\n\t\t\t\t<\/div>\n\t\t\t\t<\/div>\n\t\t\t\t<div class=\"elementor-element elementor-element-fc148e1 elementor-widget elementor-widget-image\" data-id=\"fc148e1\" data-element_type=\"widget\" data-settings=\"{&quot;_animation&quot;:&quot;none&quot;}\" data-widget_type=\"image.default\">\n\t\t\t\t<div class=\"elementor-widget-container\">\n\t\t\t\t\t\t\t\t\t\t\t\t\t\t\t<img loading=\"lazy\" decoding=\"async\" width=\"600\" height=\"600\" src=\"https:\/\/kskonehuolto.fi\/fi\/wp-content\/uploads\/2021\/10\/IMG-20190401-WA0005-600x600.jpg\" class=\"attachment-medium size-medium\" alt=\"\" srcset=\"https:\/\/kskonehuolto.fi\/fi\/wp-content\/uploads\/2021\/10\/IMG-20190401-WA0005-600x600.jpg 600w, https:\/\/kskonehuolto.fi\/fi\/wp-content\/uploads\/2021\/10\/IMG-20190401-WA0005-180x180.jpg 180w, https:\/\/kskonehuolto.fi\/fi\/wp-content\/uploads\/2021\/10\/IMG-20190401-WA0005-300x300.jpg 300w, https:\/\/kskonehuolto.fi\/fi\/wp-content\/uploads\/2021\/10\/IMG-20190401-WA0005-24x24.jpg 24w, https:\/\/kskonehuolto.fi\/fi\/wp-content\/uploads\/2021\/10\/IMG-20190401-WA0005-48x48.jpg 48w, https:\/\/kskonehuolto.fi\/fi\/wp-content\/uploads\/2021\/10\/IMG-20190401-WA0005-96x96.jpg 96w, https:\/\/kskonehuolto.fi\/fi\/wp-content\/uploads\/2021\/10\/IMG-20190401-WA0005-150x150.jpg 150w\" sizes=\"auto, (max-width: 600px) 100vw, 600px\" \/>\t\t\t\t\t\t\t\t\t\t\t\t\t\t\t<\/div>\n\t\t\t\t<\/div>\n\t\t\t\t<div class=\"elementor-element elementor-element-b37213a elementor-widget elementor-widget-wp-widget-text\" data-id=\"b37213a\" data-element_type=\"widget\" data-widget_type=\"wp-widget-text.default\">\n\t\t\t\t<div class=\"elementor-widget-container\">\n\t\t\t\t\t\t<div class=\"textwidget\"><h2>HUOLLAMME ESIMERKIKSI<\/h2>\n<ul>\n<li>Kaivinkoneet<\/li>\n<li>Kuormaajat<\/li>\n<li>Nosturit<\/li>\n<li>Kurottajat<\/li>\n<li>Per\u00e4vaunut<\/li>\n<li>Ty\u00f6koneet<\/li>\n<li>Maansiirtokoneet<\/li>\n<li>Py\u00f6r\u00e4kuormaajat<\/li>\n<li>Trukit<\/li>\n<li>Lavetit<\/li>\n<\/ul>\n<\/div>\n\t\t\t\t<\/div>\n\t\t\t\t<\/div>\n\t\t\t\t\t<\/div>\n\t\t<\/div>\n\t\t\t\t\t\t\t<\/div>\n\t\t<\/section>\n\t\t\t\t<section class=\"elementor-section elementor-top-section elementor-element elementor-element-865e444 elementor-section-full_width elementor-section-height-default elementor-section-height-default\" data-id=\"865e444\" data-element_type=\"section\">\n\t\t\t\t\t\t<div class=\"elementor-container elementor-column-gap-default\">\n\t\t\t\t\t<div class=\"elementor-column elementor-col-100 elementor-top-column elementor-element elementor-element-b322525 top column-style-top\" data-id=\"b322525\" data-element_type=\"column\">\n\t\t\t<div class=\"elementor-widget-wrap elementor-element-populated\">\n\t\t\t\t\t\t\t\t<section class=\"elementor-section elementor-inner-section elementor-element elementor-element-569a5bc elementor-section-boxed elementor-section-height-default elementor-section-height-default\" data-id=\"569a5bc\" data-element_type=\"section\">\n\t\t\t\t\t\t<div class=\"elementor-container elementor-column-gap-default\">\n\t\t\t\t\t<div class=\"elementor-column elementor-col-100 elementor-inner-column elementor-element elementor-element-5623417 top column-style-top\" data-id=\"5623417\" data-element_type=\"column\">\n\t\t\t<div class=\"elementor-widget-wrap\">\n\t\t\t\t\t\t\t\t\t<\/div>\n\t\t<\/div>\n\t\t\t\t\t\t\t<\/div>\n\t\t<\/section>\n\t\t\t\t<div class=\"elementor-element elementor-element-2428d7b elementor-arrows-position-inside elementor-pagination-position-outside elementor-widget elementor-widget-image-carousel\" data-id=\"2428d7b\" data-element_type=\"widget\" data-settings=\"{&quot;slides_to_show&quot;:&quot;3&quot;,&quot;navigation&quot;:&quot;both&quot;,&quot;autoplay&quot;:&quot;yes&quot;,&quot;pause_on_hover&quot;:&quot;yes&quot;,&quot;pause_on_interaction&quot;:&quot;yes&quot;,&quot;autoplay_speed&quot;:5000,&quot;infinite&quot;:&quot;yes&quot;,&quot;speed&quot;:500}\" data-widget_type=\"image-carousel.default\">\n\t\t\t\t<div class=\"elementor-widget-container\">\n\t\t\t\t\t<div class=\"elementor-image-carousel-wrapper swiper-container\" dir=\"ltr\">\n\t\t\t<div class=\"elementor-image-carousel swiper-wrapper\">\n\t\t\t\t\t\t\t\t<div class=\"swiper-slide\"><figure class=\"swiper-slide-inner\"><img decoding=\"async\" class=\"swiper-slide-image\" src=\"https:\/\/kskonehuolto.fi\/fi\/wp-content\/uploads\/2021\/05\/149523288_3629875837108234_7307560401499319727_n-1-300x300.jpg\" alt=\"149523288_3629875837108234_7307560401499319727_n\" \/><\/figure><\/div><div class=\"swiper-slide\"><figure class=\"swiper-slide-inner\"><img decoding=\"async\" class=\"swiper-slide-image\" src=\"https:\/\/kskonehuolto.fi\/fi\/wp-content\/uploads\/2021\/10\/IMG_6345-300x300.jpg\" alt=\"IMG_6345\" \/><\/figure><\/div><div class=\"swiper-slide\"><figure class=\"swiper-slide-inner\"><img decoding=\"async\" class=\"swiper-slide-image\" src=\"https:\/\/kskonehuolto.fi\/fi\/wp-content\/uploads\/2021\/10\/IMG_6363-300x300.jpg\" alt=\"IMG_6363\" \/><\/figure><\/div><div class=\"swiper-slide\"><figure class=\"swiper-slide-inner\"><img decoding=\"async\" class=\"swiper-slide-image\" src=\"https:\/\/kskonehuolto.fi\/fi\/wp-content\/uploads\/2021\/10\/20180307_131246-300x300.jpg\" alt=\"20180307_131246\" \/><\/figure><\/div><div class=\"swiper-slide\"><figure class=\"swiper-slide-inner\"><img decoding=\"async\" class=\"swiper-slide-image\" src=\"https:\/\/kskonehuolto.fi\/fi\/wp-content\/uploads\/2021\/05\/125048149_3399484236814063_1550200352467272721_n-300x300.jpg\" alt=\"125048149_3399484236814063_1550200352467272721_n\" \/><\/figure><\/div><div class=\"swiper-slide\"><figure class=\"swiper-slide-inner\"><img decoding=\"async\" class=\"swiper-slide-image\" src=\"https:\/\/kskonehuolto.fi\/fi\/wp-content\/uploads\/2021\/10\/20210410_141909-300x300.jpg\" alt=\"20210410_141909\" \/><\/figure><\/div><div class=\"swiper-slide\"><figure class=\"swiper-slide-inner\"><img decoding=\"async\" class=\"swiper-slide-image\" src=\"https:\/\/kskonehuolto.fi\/fi\/wp-content\/uploads\/2021\/10\/pkuva1-1-300x300.jpg\" alt=\"pkuva1\" \/><\/figure><\/div><div class=\"swiper-slide\"><figure class=\"swiper-slide-inner\"><img decoding=\"async\" class=\"swiper-slide-image\" src=\"https:\/\/kskonehuolto.fi\/fi\/wp-content\/uploads\/2021\/05\/RAKKAUDESTA-RAUTAAN-015-300x300.jpg\" alt=\"RAKKAUDESTA RAUTAAN 015\" \/><\/figure><\/div><div class=\"swiper-slide\"><figure class=\"swiper-slide-inner\"><img decoding=\"async\" class=\"swiper-slide-image\" src=\"https:\/\/kskonehuolto.fi\/fi\/wp-content\/uploads\/2021\/05\/161921878_216566253593713_310440648557730790_n-300x300.jpg\" alt=\"161921878_216566253593713_310440648557730790_n\" \/><\/figure><\/div><div class=\"swiper-slide\"><figure class=\"swiper-slide-inner\"><img decoding=\"async\" class=\"swiper-slide-image\" src=\"https:\/\/kskonehuolto.fi\/fi\/wp-content\/uploads\/2021\/10\/IMG-20211014-WA0013-300x300.jpg\" alt=\"IMG-20211014-WA0013\" \/><\/figure><\/div><div class=\"swiper-slide\"><figure class=\"swiper-slide-inner\"><img decoding=\"async\" class=\"swiper-slide-image\" src=\"https:\/\/kskonehuolto.fi\/fi\/wp-content\/uploads\/2021\/10\/IMG-20211014-WA0020-1-300x300.jpg\" alt=\"IMG-20211014-WA0020\" \/><\/figure><\/div><div class=\"swiper-slide\"><figure class=\"swiper-slide-inner\"><img decoding=\"async\" class=\"swiper-slide-image\" src=\"https:\/\/kskonehuolto.fi\/fi\/wp-content\/uploads\/2021\/10\/IMG-20211014-WA0019-300x300.jpg\" alt=\"IMG-20211014-WA0019\" \/><\/figure><\/div><div class=\"swiper-slide\"><figure class=\"swiper-slide-inner\"><img decoding=\"async\" class=\"swiper-slide-image\" src=\"https:\/\/kskonehuolto.fi\/fi\/wp-content\/uploads\/2021\/10\/IMG-20190401-WA0005-300x300.jpg\" alt=\"IMG-20190401-WA0005\" \/><\/figure><\/div><div class=\"swiper-slide\"><figure class=\"swiper-slide-inner\"><img decoding=\"async\" class=\"swiper-slide-image\" src=\"https:\/\/kskonehuolto.fi\/fi\/wp-content\/uploads\/2021\/10\/414339_3474317581134_66236541_o-1-300x300.jpg\" alt=\"414339_3474317581134_66236541_o\" \/><\/figure><\/div>\t\t\t<\/div>\n\t\t\t\t\t\t\t\t\t\t\t\t<div class=\"swiper-pagination\"><\/div>\n\t\t\t\t\t\t\t\t\t\t\t\t\t<div class=\"elementor-swiper-button elementor-swiper-button-prev\">\n\t\t\t\t\t\t<i aria-hidden=\"true\" class=\"eicon-chevron-left\"><\/i>\t\t\t\t\t\t<span class=\"elementor-screen-only\">Edellinen<\/span>\n\t\t\t\t\t<\/div>\n\t\t\t\t\t<div class=\"elementor-swiper-button elementor-swiper-button-next\">\n\t\t\t\t\t\t<i aria-hidden=\"true\" class=\"eicon-chevron-right\"><\/i>\t\t\t\t\t\t<span class=\"elementor-screen-only\">Seuraava<\/span>\n\t\t\t\t\t<\/div>\n\t\t\t\t\t\t\t\t\t<\/div>\n\t\t\t\t<\/div>\n\t\t\t\t<\/div>\n\t\t\t\t\t<\/div>\n\t\t<\/div>\n\t\t\t\t\t\t\t<\/div>\n\t\t<\/section>\n\t\t\t\t<section class=\"elementor-section elementor-top-section elementor-element elementor-element-7268cedf elementor-section-boxed elementor-section-height-default elementor-section-height-default\" data-id=\"7268cedf\" data-element_type=\"section\" data-settings=\"{&quot;background_background&quot;:&quot;classic&quot;,&quot;shape_divider_top&quot;:&quot;opacity-fan&quot;,&quot;shape_divider_bottom&quot;:&quot;opacity-tilt&quot;}\">\n\t\t\t\t\t<div class=\"elementor-shape elementor-shape-top\" data-negative=\"false\">\n\t\t\t<svg xmlns=\"http:\/\/www.w3.org\/2000\/svg\" viewBox=\"0 0 283.5 19.6\" preserveAspectRatio=\"none\">\n\t<path class=\"elementor-shape-fill\" style=\"opacity:0.33\" d=\"M0 0L0 18.8 141.8 4.1 283.5 18.8 283.5 0z\"\/>\n\t<path class=\"elementor-shape-fill\" style=\"opacity:0.33\" d=\"M0 0L0 12.6 141.8 4 283.5 12.6 283.5 0z\"\/>\n\t<path class=\"elementor-shape-fill\" style=\"opacity:0.33\" d=\"M0 0L0 6.4 141.8 4 283.5 6.4 283.5 0z\"\/>\n\t<path class=\"elementor-shape-fill\" d=\"M0 0L0 1.2 141.8 4 283.5 1.2 283.5 0z\"\/>\n<\/svg>\t\t<\/div>\n\t\t\t\t<div class=\"elementor-shape elementor-shape-bottom\" data-negative=\"false\">\n\t\t\t<svg xmlns=\"http:\/\/www.w3.org\/2000\/svg\" viewBox=\"0 0 2600 131.1\" preserveAspectRatio=\"none\">\n\t<path class=\"elementor-shape-fill\" d=\"M0 0L2600 0 2600 69.1 0 0z\"\/>\n\t<path class=\"elementor-shape-fill\" style=\"opacity:0.5\" d=\"M0 0L2600 0 2600 69.1 0 69.1z\"\/>\n\t<path class=\"elementor-shape-fill\" style=\"opacity:0.25\" d=\"M2600 0L0 0 0 130.1 2600 69.1z\"\/>\n<\/svg>\t\t<\/div>\n\t\t\t\t\t<div class=\"elementor-container elementor-column-gap-default\">\n\t\t\t\t\t<div class=\"elementor-column elementor-col-100 elementor-top-column elementor-element elementor-element-799ef274 col-bg-theme column-style-top\" data-id=\"799ef274\" data-element_type=\"column\" data-settings=\"{&quot;background_background&quot;:&quot;classic&quot;}\">\n\t\t\t<div class=\"elementor-widget-wrap elementor-element-populated\">\n\t\t\t\t\t\t\t\t<div class=\"elementor-element elementor-element-13b09cb9 elementor-widget elementor-widget-gva-call-to-action\" data-id=\"13b09cb9\" data-element_type=\"widget\" data-widget_type=\"gva-call-to-action.default\">\n\t\t\t\t<div class=\"elementor-widget-container\">\n\t\t\t<div class=\"gva-element-gva-call-to-action gva-element\">\r\n   <div class=\"button-right widget gsc-call-to-action\">\r\n      <div class=\"content-inner clearfix\" >\r\n         <div class=\"cta-content\">\r\n                           <h2 class=\"title\">\r\n                  <span>Joko l\u00e4hdet\u00e4\u00e4n tulemaan?<\/span>\r\n               <\/h2>\r\n                                             <\/div>\r\n                     <div class=\"button-action\">\r\n                       <a href=\"tel:0400 605 282\" class=\"btn-cta btn-black\">\r\n          <span>Soita 0400 605 282<\/span>\r\n        <\/a>\r\n\r\n                    <\/div>\r\n               <\/div>\r\n   <\/div>\r\n<\/div>\t\t<\/div>\n\t\t\t\t<\/div>\n\t\t\t\t\t<\/div>\n\t\t<\/div>\n\t\t\t\t\t\t\t<\/div>\n\t\t<\/section>\n\t\t\t\t\t\t\t<\/div>\n\t\t","protected":false},"excerpt":{"rendered":"<p>Edellinen Seuraava Joko l\u00e4hdet\u00e4\u00e4n tulemaan? Soita 0400 605 282<\/p>\n","protected":false},"author":2,"featured_media":10827,"parent":0,"menu_order":0,"comment_status":"closed","ping_status":"closed","template":"elementor_header_footer","meta":{"footnotes":""},"class_list":["post-5442","page","type-page","status-publish","has-post-thumbnail","hentry"],"_links":{"self":[{"href":"https:\/\/kskonehuolto.fi\/fi\/wp-json\/wp\/v2\/pages\/5442","targetHints":{"allow":["GET"]}}],"collection":[{"href":"https:\/\/kskonehuolto.fi\/fi\/wp-json\/wp\/v2\/pages"}],"about":[{"href":"https:\/\/kskonehuolto.fi\/fi\/wp-json\/wp\/v2\/types\/page"}],"author":[{"embeddable":true,"href":"https:\/\/kskonehuolto.fi\/fi\/wp-json\/wp\/v2\/users\/2"}],"replies":[{"embeddable":true,"href":"https:\/\/kskonehuolto.fi\/fi\/wp-json\/wp\/v2\/comments?post=5442"}],"version-history":[{"count":48,"href":"https:\/\/kskonehuolto.fi\/fi\/wp-json\/wp\/v2\/pages\/5442\/revisions"}],"predecessor-version":[{"id":11255,"href":"https:\/\/kskonehuolto.fi\/fi\/wp-json\/wp\/v2\/pages\/5442\/revisions\/11255"}],"wp:featuredmedia":[{"embeddable":true,"href":"https:\/\/kskonehuolto.fi\/fi\/wp-json\/wp\/v2\/media\/10827"}],"wp:attachment":[{"href":"https:\/\/kskonehuolto.fi\/fi\/wp-json\/wp\/v2\/media?parent=5442"}],"curies":[{"name":"wp","href":"https:\/\/api.w.org\/{rel}","templated":true}]}}